{"id":10,"date":"2020-02-04T10:15:10","date_gmt":"2020-02-04T07:15:10","guid":{"rendered":"https:\/\/websitedemos.net\/architect-02\/?page_id=8"},"modified":"2021-01-31T13:24:46","modified_gmt":"2021-01-31T10:24:46","slug":"hakkinda","status":"publish","type":"page","link":"https:\/\/seydesign.com.tr\/?page_id=10","title":{"rendered":"Hakk\u0131nda"},"content":{"rendered":"\t\t<div data-elementor-type=\"wp-post\" data-elementor-id=\"10\" class=\"elementor elementor-10\" data-elementor-settings=\"[]\">\n\t\t\t\t\t\t<div class=\"elementor-inner\">\n\t\t\t\t\t\t\t<div class=\"elementor-section-wrap\">\n\t\t\t\t\t\t\t<section class=\"elementor-section elementor-top-section elementor-element elementor-element-f3d8b3a elementor-section-boxed elementor-section-height-default elementor-section-height-default\" data-id=\"f3d8b3a\" data-element_type=\"section\">\n\t\t\t\t\t\t<div class=\"elementor-container elementor-column-gap-default\">\n\t\t\t\t\t\t\t<div class=\"elementor-row\">\n\t\t\t\t\t<div class=\"elementor-column elementor-col-100 elementor-top-column elementor-element elementor-element-c11612a\" data-id=\"c11612a\" data-element_type=\"column\">\n\t\t\t<div class=\"elementor-column-wrap elementor-element-populated\">\n\t\t\t\t\t\t\t<div class=\"elementor-widget-wrap\">\n\t\t\t\t\t\t<div class=\"elementor-element elementor-element-032ae46 elementor-widget elementor-widget-text-editor\" data-id=\"032ae46\" data-element_type=\"widget\" data-widget_type=\"text-editor.default\">\n\t\t\t\t<div class=\"elementor-widget-container\">\n\t\t\t\t\t<div class=\"elementor-text-editor elementor-clearfix\"><p>Ge\u00e7mi\u015ften gelen k\u00f6kl\u00fc bilgi, birikim ve tecr\u00fcbelerini kullanarak kurumsal firmalar\u0131n in\u015fai faaliyetleri i\u00e7in \u00e7\u00f6z\u00fcm orta\u011f\u0131 olmak amac\u0131yla <strong>SEY DESIGN M\u0130MARLIK<\/strong> \u0130stanbul&#8217;da kurulmu\u015ftur.<\/p><p>Mimarl\u0131k, M\u00fchendislik ve \u0130n\u015faat uygulamalar\u0131 yan\u0131 s\u0131ra Mekanik ve Elektrik disiplinlerinde de gerekli deste\u011fi i\u015f ortaklar\u0131n\u0131n kurum k\u00fclt\u00fcr\u00fcne uygun bir \u015fekilde sa\u011flamaktad\u0131r.<\/p><p>Proje y\u00f6netiminden sahada anahtar teslim uygulamalara kadar \u00e7al\u0131\u015fmalar\u0131na devam etmektedir.<\/p><\/div>\n\t\t\t\t<\/div>\n\t\t\t\t<\/div>\n\t\t\t\t\t\t<\/div>\n\t\t\t\t\t<\/div>\n\t\t<\/div>\n\t\t\t\t\t\t\t\t<\/div>\n\t\t\t\t\t<\/div>\n\t\t<\/section>\n\t\t\t\t<section class=\"elementor-section elementor-top-section elementor-element elementor-element-062b5ca elementor-section-boxed elementor-section-height-default elementor-section-height-default\" data-id=\"062b5ca\" data-element_type=\"section\">\n\t\t\t\t\t\t<div class=\"elementor-container elementor-column-gap-default\">\n\t\t\t\t\t\t\t<div class=\"elementor-row\">\n\t\t\t\t\t<div class=\"elementor-column elementor-col-100 elementor-top-column elementor-element elementor-element-cf28c32\" data-id=\"cf28c32\" data-element_type=\"column\">\n\t\t\t<div class=\"elementor-column-wrap elementor-element-populated\">\n\t\t\t\t\t\t\t<div class=\"elementor-widget-wrap\">\n\t\t\t\t\t\t<div class=\"elementor-element elementor-element-35ec6df animated-slow elementor-invisible elementor-widget elementor-widget-image\" data-id=\"35ec6df\" data-element_type=\"widget\" data-settings=\"{&quot;_animation&quot;:&quot;pulse&quot;}\" data-widget_type=\"image.default\">\n\t\t\t\t<div class=\"elementor-widget-container\">\n\t\t\t\t\t<div class=\"elementor-image\">\n\t\t\t\t\t\t\t\t\t\t<img loading=\"lazy\" decoding=\"async\" width=\"525\" height=\"131\" src=\"https:\/\/seydesign.com.tr\/wp-content\/uploads\/2021\/01\/Antet-1024x256.jpg\" class=\"attachment-large size-large\" alt=\"\" sizes=\"auto, 100vw\" \/>\t\t\t\t\t\t\t\t\t\t\t<\/div>\n\t\t\t\t<\/div>\n\t\t\t\t<\/div>\n\t\t\t\t\t\t<\/div>\n\t\t\t\t\t<\/div>\n\t\t<\/div>\n\t\t\t\t\t\t\t\t<\/div>\n\t\t\t\t\t<\/div>\n\t\t<\/section>\n\t\t\t\t\t\t<\/div>\n\t\t\t\t\t\t<\/div>\n\t\t\t\t\t<\/div>\n\t\t","protected":false},"excerpt":{"rendered":"<p>Ge\u00e7mi\u015ften gelen k\u00f6kl\u00fc bilgi, birikim ve tecr\u00fcbelerini kullanarak kurumsal firmalar\u0131n in\u015fai faaliyetleri i\u00e7in \u00e7\u00f6z\u00fcm orta\u011f\u0131 olmak amac\u0131yla SEY DESIGN M\u0130MARLIK \u0130stanbul&#8217;da kurulmu\u015ftur. Mimarl\u0131k, M\u00fchendislik ve \u0130n\u015faat uygulamalar\u0131 yan\u0131 s\u0131ra Mekanik ve Elektrik disiplinlerinde de gerekli deste\u011fi i\u015f ortaklar\u0131n\u0131n kurum k\u00fclt\u00fcr\u00fcne uygun bir \u015fekilde sa\u011flamaktad\u0131r. Proje y\u00f6netiminden sahada anahtar teslim uygulamalara kadar \u00e7al\u0131\u015fmalar\u0131na devam etmektedir.<\/p>\n","protected":false},"author":1,"featured_media":0,"parent":0,"menu_order":0,"comment_status":"closed","ping_status":"closed","template":"","meta":{"footnotes":""},"class_list":["post-10","page","type-page","status-publish","hentry"],"_links":{"self":[{"href":"https:\/\/seydesign.com.tr\/index.php?rest_route=\/wp\/v2\/pages\/10","targetHints":{"allow":["GET"]}}],"collection":[{"href":"https:\/\/seydesign.com.tr\/index.php?rest_route=\/wp\/v2\/pages"}],"about":[{"href":"https:\/\/seydesign.com.tr\/index.php?rest_route=\/wp\/v2\/types\/page"}],"author":[{"embeddable":true,"href":"https:\/\/seydesign.com.tr\/index.php?rest_route=\/wp\/v2\/users\/1"}],"replies":[{"embeddable":true,"href":"https:\/\/seydesign.com.tr\/index.php?rest_route=%2Fwp%2Fv2%2Fcomments&post=10"}],"version-history":[{"count":15,"href":"https:\/\/seydesign.com.tr\/index.php?rest_route=\/wp\/v2\/pages\/10\/revisions"}],"predecessor-version":[{"id":831,"href":"https:\/\/seydesign.com.tr\/index.php?rest_route=\/wp\/v2\/pages\/10\/revisions\/831"}],"wp:attachment":[{"href":"https:\/\/seydesign.com.tr\/index.php?rest_route=%2Fwp%2Fv2%2Fmedia&parent=10"}],"curies":[{"name":"wp","href":"https:\/\/api.w.org\/{rel}","templated":true}]}}