{"id":8,"date":"2018-10-04T05:14:57","date_gmt":"2018-10-04T05:14:57","guid":{"rendered":"https:\/\/websitedemos.net\/architect-02\/?page_id=5"},"modified":"2025-02-09T12:39:55","modified_gmt":"2025-02-09T09:39:55","slug":"home","status":"publish","type":"page","link":"https:\/\/seydesign.com.tr\/","title":{"rendered":"Anasayfa"},"content":{"rendered":"\t\t<div data-elementor-type=\"wp-page\" data-elementor-id=\"8\" class=\"elementor elementor-8\" data-elementor-settings=\"[]\">\n\t\t\t\t\t\t<div class=\"elementor-inner\">\n\t\t\t\t\t\t\t<div class=\"elementor-section-wrap\">\n\t\t\t\t\t\t\t<section class=\"elementor-section elementor-top-section elementor-element elementor-element-2fb18fd elementor-section-boxed elementor-section-height-default elementor-section-height-default\" data-id=\"2fb18fd\" data-element_type=\"section\" id=\".1\" data-settings=\"{&quot;background_background&quot;:&quot;classic&quot;}\">\n\t\t\t\t\t\t<div class=\"elementor-container elementor-column-gap-default\">\n\t\t\t\t\t\t\t<div class=\"elementor-row\">\n\t\t\t\t\t<div class=\"elementor-column elementor-col-100 elementor-top-column elementor-element elementor-element-f44de66\" data-id=\"f44de66\" data-element_type=\"column\">\n\t\t\t<div class=\"elementor-column-wrap elementor-element-populated\">\n\t\t\t\t\t\t\t<div class=\"elementor-widget-wrap\">\n\t\t\t\t\t\t<div class=\"elementor-element elementor-element-918f41d animated-slow elementor-invisible elementor-widget elementor-widget-heading\" data-id=\"918f41d\" data-element_type=\"widget\" data-settings=\"{&quot;_animation&quot;:&quot;fadeInLeft&quot;}\" data-widget_type=\"heading.default\">\n\t\t\t\t<div class=\"elementor-widget-container\">\n\t\t\t<h2 class=\"elementor-heading-title elementor-size-default\">SEY DESIGN M\u0130MARLIK'A HO\u015e GELD\u0130N\u0130Z<\/h2>\t\t<\/div>\n\t\t\t\t<\/div>\n\t\t\t\t\t\t<\/div>\n\t\t\t\t\t<\/div>\n\t\t<\/div>\n\t\t\t\t\t\t\t\t<\/div>\n\t\t\t\t\t<\/div>\n\t\t<\/section>\n\t\t\t\t<section class=\"elementor-section elementor-top-section elementor-element elementor-element-48687062 elementor-section-content-middle elementor-section-boxed elementor-section-height-default elementor-section-height-default\" data-id=\"48687062\" data-element_type=\"section\">\n\t\t\t\t\t\t<div class=\"elementor-container elementor-column-gap-no\">\n\t\t\t\t\t\t\t<div class=\"elementor-row\">\n\t\t\t\t\t<div class=\"elementor-column elementor-col-100 elementor-top-column elementor-element elementor-element-372bfa5d\" data-id=\"372bfa5d\" data-element_type=\"column\">\n\t\t\t<div class=\"elementor-column-wrap elementor-element-populated\">\n\t\t\t\t\t\t\t<div class=\"elementor-widget-wrap\">\n\t\t\t\t\t\t<div class=\"elementor-element elementor-element-35c71c41 gallery-spacing-custom animated-slow elementor-invisible elementor-widget elementor-widget-image-gallery\" data-id=\"35c71c41\" data-element_type=\"widget\" data-settings=\"{&quot;_animation&quot;:&quot;fadeIn&quot;,&quot;_animation_delay&quot;:0.001}\" data-widget_type=\"image-gallery.default\">\n\t\t\t\t<div class=\"elementor-widget-container\">\n\t\t\t\t\t<div class=\"elementor-image-gallery\">\n\t\t\t<div id='gallery-1' class='gallery galleryid-8 gallery-columns-3 gallery-size-full'><figure class='gallery-item'>\n\t\t\t<div class='gallery-icon landscape'>\n\t\t\t\t<a data-elementor-open-lightbox=\"yes\" data-elementor-lightbox-slideshow=\"35c71c41\" data-elementor-lightbox-title=\"Image11\" href='https:\/\/seydesign.com.tr\/wp-content\/uploads\/2021\/01\/Image11.jpg'><img loading=\"lazy\" decoding=\"async\" width=\"2048\" height=\"1366\" src=\"https:\/\/seydesign.com.tr\/wp-content\/uploads\/2021\/01\/Image11.jpg\" class=\"attachment-full size-full\" alt=\"\" srcset=\"https:\/\/seydesign.com.tr\/wp-content\/uploads\/2021\/01\/Image11.jpg 2048w, https:\/\/seydesign.com.tr\/wp-content\/uploads\/2021\/01\/Image11-300x200.jpg 300w, https:\/\/seydesign.com.tr\/wp-content\/uploads\/2021\/01\/Image11-1024x683.jpg 1024w, https:\/\/seydesign.com.tr\/wp-content\/uploads\/2021\/01\/Image11-768x512.jpg 768w, https:\/\/seydesign.com.tr\/wp-content\/uploads\/2021\/01\/Image11-1536x1025.jpg 1536w\" sizes=\"auto, 100vw\" \/><\/a>\n\t\t\t<\/div><\/figure><figure class='gallery-item'>\n\t\t\t<div class='gallery-icon landscape'>\n\t\t\t\t<a data-elementor-open-lightbox=\"yes\" data-elementor-lightbox-slideshow=\"35c71c41\" data-elementor-lightbox-title=\"Image10\" href='https:\/\/seydesign.com.tr\/wp-content\/uploads\/2021\/01\/Image10-1.jpg'><img loading=\"lazy\" decoding=\"async\" width=\"2048\" height=\"1365\" src=\"https:\/\/seydesign.com.tr\/wp-content\/uploads\/2021\/01\/Image10-1.jpg\" class=\"attachment-full size-full\" alt=\"\" srcset=\"https:\/\/seydesign.com.tr\/wp-content\/uploads\/2021\/01\/Image10-1.jpg 2048w, https:\/\/seydesign.com.tr\/wp-content\/uploads\/2021\/01\/Image10-1-300x200.jpg 300w, https:\/\/seydesign.com.tr\/wp-content\/uploads\/2021\/01\/Image10-1-1024x683.jpg 1024w, https:\/\/seydesign.com.tr\/wp-content\/uploads\/2021\/01\/Image10-1-768x512.jpg 768w, https:\/\/seydesign.com.tr\/wp-content\/uploads\/2021\/01\/Image10-1-1536x1024.jpg 1536w\" sizes=\"auto, 100vw\" \/><\/a>\n\t\t\t<\/div><\/figure><figure class='gallery-item'>\n\t\t\t<div class='gallery-icon landscape'>\n\t\t\t\t<a data-elementor-open-lightbox=\"yes\" data-elementor-lightbox-slideshow=\"35c71c41\" data-elementor-lightbox-title=\"Image04\" href='https:\/\/seydesign.com.tr\/wp-content\/uploads\/2021\/01\/Image04.jpg'><img loading=\"lazy\" decoding=\"async\" width=\"2048\" height=\"1365\" src=\"https:\/\/seydesign.com.tr\/wp-content\/uploads\/2021\/01\/Image04.jpg\" class=\"attachment-full size-full\" alt=\"\" srcset=\"https:\/\/seydesign.com.tr\/wp-content\/uploads\/2021\/01\/Image04.jpg 2048w, https:\/\/seydesign.com.tr\/wp-content\/uploads\/2021\/01\/Image04-300x200.jpg 300w, https:\/\/seydesign.com.tr\/wp-content\/uploads\/2021\/01\/Image04-1024x683.jpg 1024w, https:\/\/seydesign.com.tr\/wp-content\/uploads\/2021\/01\/Image04-768x512.jpg 768w, https:\/\/seydesign.com.tr\/wp-content\/uploads\/2021\/01\/Image04-1536x1024.jpg 1536w\" sizes=\"auto, 100vw\" \/><\/a>\n\t\t\t<\/div><\/figure><figure class='gallery-item'>\n\t\t\t<div class='gallery-icon landscape'>\n\t\t\t\t<a data-elementor-open-lightbox=\"yes\" data-elementor-lightbox-slideshow=\"35c71c41\" data-elementor-lightbox-title=\"Image05\" href='https:\/\/seydesign.com.tr\/wp-content\/uploads\/2021\/01\/Image05-1.jpg'><img loading=\"lazy\" decoding=\"async\" width=\"2048\" height=\"1365\" src=\"https:\/\/seydesign.com.tr\/wp-content\/uploads\/2021\/01\/Image05-1.jpg\" class=\"attachment-full size-full\" alt=\"\" srcset=\"https:\/\/seydesign.com.tr\/wp-content\/uploads\/2021\/01\/Image05-1.jpg 2048w, https:\/\/seydesign.com.tr\/wp-content\/uploads\/2021\/01\/Image05-1-300x200.jpg 300w, https:\/\/seydesign.com.tr\/wp-content\/uploads\/2021\/01\/Image05-1-1024x683.jpg 1024w, https:\/\/seydesign.com.tr\/wp-content\/uploads\/2021\/01\/Image05-1-768x512.jpg 768w, https:\/\/seydesign.com.tr\/wp-content\/uploads\/2021\/01\/Image05-1-1536x1024.jpg 1536w\" sizes=\"auto, 100vw\" \/><\/a>\n\t\t\t<\/div><\/figure><figure class='gallery-item'>\n\t\t\t<div class='gallery-icon landscape'>\n\t\t\t\t<a data-elementor-open-lightbox=\"yes\" data-elementor-lightbox-slideshow=\"35c71c41\" data-elementor-lightbox-title=\"Image02\" href='https:\/\/seydesign.com.tr\/wp-content\/uploads\/2021\/01\/Image02.jpg'><img loading=\"lazy\" decoding=\"async\" width=\"2048\" height=\"1365\" src=\"https:\/\/seydesign.com.tr\/wp-content\/uploads\/2021\/01\/Image02.jpg\" class=\"attachment-full size-full\" alt=\"\" srcset=\"https:\/\/seydesign.com.tr\/wp-content\/uploads\/2021\/01\/Image02.jpg 2048w, https:\/\/seydesign.com.tr\/wp-content\/uploads\/2021\/01\/Image02-300x200.jpg 300w, https:\/\/seydesign.com.tr\/wp-content\/uploads\/2021\/01\/Image02-1024x683.jpg 1024w, https:\/\/seydesign.com.tr\/wp-content\/uploads\/2021\/01\/Image02-768x512.jpg 768w, https:\/\/seydesign.com.tr\/wp-content\/uploads\/2021\/01\/Image02-1536x1024.jpg 1536w\" sizes=\"auto, 100vw\" \/><\/a>\n\t\t\t<\/div><\/figure><figure class='gallery-item'>\n\t\t\t<div class='gallery-icon landscape'>\n\t\t\t\t<a data-elementor-open-lightbox=\"yes\" data-elementor-lightbox-slideshow=\"35c71c41\" data-elementor-lightbox-title=\"Image06\" href='https:\/\/seydesign.com.tr\/wp-content\/uploads\/2021\/01\/Image06.jpg'><img loading=\"lazy\" decoding=\"async\" width=\"2048\" height=\"1367\" src=\"https:\/\/seydesign.com.tr\/wp-content\/uploads\/2021\/01\/Image06.jpg\" class=\"attachment-full size-full\" alt=\"\" srcset=\"https:\/\/seydesign.com.tr\/wp-content\/uploads\/2021\/01\/Image06.jpg 2048w, https:\/\/seydesign.com.tr\/wp-content\/uploads\/2021\/01\/Image06-300x200.jpg 300w, https:\/\/seydesign.com.tr\/wp-content\/uploads\/2021\/01\/Image06-1024x684.jpg 1024w, https:\/\/seydesign.com.tr\/wp-content\/uploads\/2021\/01\/Image06-768x513.jpg 768w, https:\/\/seydesign.com.tr\/wp-content\/uploads\/2021\/01\/Image06-1536x1025.jpg 1536w\" sizes=\"auto, 100vw\" \/><\/a>\n\t\t\t<\/div><\/figure>\n\t\t<\/div>\n\t\t<\/div>\n\t\t\t\t<\/div>\n\t\t\t\t<\/div>\n\t\t\t\t\t\t<\/div>\n\t\t\t\t\t<\/div>\n\t\t<\/div>\n\t\t\t\t\t\t\t\t<\/div>\n\t\t\t\t\t<\/div>\n\t\t<\/section>\n\t\t\t\t<section class=\"elementor-section elementor-top-section elementor-element elementor-element-b809956 elementor-section-content-middle elementor-section-boxed elementor-section-height-default elementor-section-height-default\" data-id=\"b809956\" data-element_type=\"section\" data-settings=\"{&quot;background_background&quot;:&quot;classic&quot;}\">\n\t\t\t\t\t\t<div class=\"elementor-container elementor-column-gap-default\">\n\t\t\t\t\t\t\t<div class=\"elementor-row\">\n\t\t\t\t\t<div class=\"elementor-column elementor-col-25 elementor-top-column elementor-element elementor-element-9c2a401\" data-id=\"9c2a401\" data-element_type=\"column\">\n\t\t\t<div class=\"elementor-column-wrap elementor-element-populated\">\n\t\t\t\t\t\t\t<div class=\"elementor-widget-wrap\">\n\t\t\t\t\t\t<div class=\"elementor-element elementor-element-fb387d4 elementor-view-default elementor-widget elementor-widget-icon\" data-id=\"fb387d4\" data-element_type=\"widget\" data-widget_type=\"icon.default\">\n\t\t\t\t<div class=\"elementor-widget-container\">\n\t\t\t\t\t<div class=\"elementor-icon-wrapper\">\n\t\t\t<div class=\"elementor-icon\">\n\t\t\t<i aria-hidden=\"true\" class=\"fas fa-quote-left\"><\/i>\t\t\t<\/div>\n\t\t<\/div>\n\t\t\t\t<\/div>\n\t\t\t\t<\/div>\n\t\t\t\t\t\t<\/div>\n\t\t\t\t\t<\/div>\n\t\t<\/div>\n\t\t\t\t<div class=\"elementor-column elementor-col-50 elementor-top-column elementor-element elementor-element-39dd263\" data-id=\"39dd263\" data-element_type=\"column\">\n\t\t\t<div class=\"elementor-column-wrap elementor-element-populated\">\n\t\t\t\t\t\t\t<div class=\"elementor-widget-wrap\">\n\t\t\t\t\t\t<div class=\"elementor-element elementor-element-b5c062a elementor-widget elementor-widget-image\" data-id=\"b5c062a\" data-element_type=\"widget\" data-widget_type=\"image.default\">\n\t\t\t\t<div class=\"elementor-widget-container\">\n\t\t\t\t\t<div class=\"elementor-image\">\n\t\t\t\t\t\t\t\t\t\t<img loading=\"lazy\" decoding=\"async\" width=\"525\" height=\"394\" src=\"https:\/\/seydesign.com.tr\/wp-content\/uploads\/2021\/01\/Image08-1-1024x768.jpg\" class=\"attachment-large size-large\" alt=\"\" srcset=\"https:\/\/seydesign.com.tr\/wp-content\/uploads\/2021\/01\/Image08-1-1024x768.jpg 1024w, https:\/\/seydesign.com.tr\/wp-content\/uploads\/2021\/01\/Image08-1-300x225.jpg 300w, https:\/\/seydesign.com.tr\/wp-content\/uploads\/2021\/01\/Image08-1-768x576.jpg 768w, https:\/\/seydesign.com.tr\/wp-content\/uploads\/2021\/01\/Image08-1-1536x1152.jpg 1536w, https:\/\/seydesign.com.tr\/wp-content\/uploads\/2021\/01\/Image08-1.jpg 2048w\" sizes=\"auto, 100vw\" \/>\t\t\t\t\t\t\t\t\t\t\t<\/div>\n\t\t\t\t<\/div>\n\t\t\t\t<\/div>\n\t\t\t\t<div class=\"elementor-element elementor-element-4638c57 animated-slow elementor-invisible elementor-widget elementor-widget-heading\" data-id=\"4638c57\" data-element_type=\"widget\" data-settings=\"{&quot;_animation&quot;:&quot;fadeIn&quot;}\" data-widget_type=\"heading.default\">\n\t\t\t\t<div class=\"elementor-widget-container\">\n\t\t\t<h3 class=\"elementor-heading-title elementor-size-medium\">De\u011fi\u015fen ve geli\u015fen m\u00fc\u015fteri beklentilerinin g\u00fcn\u00fcm\u00fcz isteklerine g\u00f6re 2025 y\u0131l\u0131nda da faaliyetlerimiz devam etmektedir. <\/h3>\t\t<\/div>\n\t\t\t\t<\/div>\n\t\t\t\t\t\t<\/div>\n\t\t\t\t\t<\/div>\n\t\t<\/div>\n\t\t\t\t<div class=\"elementor-column elementor-col-25 elementor-top-column elementor-element elementor-element-455aebc\" data-id=\"455aebc\" data-element_type=\"column\">\n\t\t\t<div class=\"elementor-column-wrap elementor-element-populated\">\n\t\t\t\t\t\t\t<div class=\"elementor-widget-wrap\">\n\t\t\t\t\t\t<div class=\"elementor-element elementor-element-9fdbc6f elementor-view-default elementor-widget elementor-widget-icon\" data-id=\"9fdbc6f\" data-element_type=\"widget\" data-widget_type=\"icon.default\">\n\t\t\t\t<div class=\"elementor-widget-container\">\n\t\t\t\t\t<div class=\"elementor-icon-wrapper\">\n\t\t\t<div class=\"elementor-icon\">\n\t\t\t<i aria-hidden=\"true\" class=\"fas fa-quote-right\"><\/i>\t\t\t<\/div>\n\t\t<\/div>\n\t\t\t\t<\/div>\n\t\t\t\t<\/div>\n\t\t\t\t\t\t<\/div>\n\t\t\t\t\t<\/div>\n\t\t<\/div>\n\t\t\t\t\t\t\t\t<\/div>\n\t\t\t\t\t<\/div>\n\t\t<\/section>\n\t\t\t\t\t\t<\/div>\n\t\t\t\t\t\t<\/div>\n\t\t\t\t\t<\/div>\n\t\t","protected":false},"excerpt":{"rendered":"<p>SEY DESIGN M\u0130MARLIK&#8217;A HO\u015e GELD\u0130N\u0130Z De\u011fi\u015fen ve geli\u015fen m\u00fc\u015fteri beklentilerinin g\u00fcn\u00fcm\u00fcz isteklerine g\u00f6re 2025 y\u0131l\u0131nda da faaliyetlerimiz devam etmektedir.<\/p>\n","protected":false},"author":0,"featured_media":0,"parent":0,"menu_order":0,"comment_status":"closed","ping_status":"closed","template":"","meta":{"footnotes":""},"class_list":["post-8","page","type-page","status-publish","hentry"],"_links":{"self":[{"href":"https:\/\/seydesign.com.tr\/index.php?rest_route=\/wp\/v2\/pages\/8","targetHints":{"allow":["GET"]}}],"collection":[{"href":"https:\/\/seydesign.com.tr\/index.php?rest_route=\/wp\/v2\/pages"}],"about":[{"href":"https:\/\/seydesign.com.tr\/index.php?rest_route=\/wp\/v2\/types\/page"}],"replies":[{"embeddable":true,"href":"https:\/\/seydesign.com.tr\/index.php?rest_route=%2Fwp%2Fv2%2Fcomments&post=8"}],"version-history":[{"count":24,"href":"https:\/\/seydesign.com.tr\/index.php?rest_route=\/wp\/v2\/pages\/8\/revisions"}],"predecessor-version":[{"id":896,"href":"https:\/\/seydesign.com.tr\/index.php?rest_route=\/wp\/v2\/pages\/8\/revisions\/896"}],"wp:attachment":[{"href":"https:\/\/seydesign.com.tr\/index.php?rest_route=%2Fwp%2Fv2%2Fmedia&parent=8"}],"curies":[{"name":"wp","href":"https:\/\/api.w.org\/{rel}","templated":true}]}}